{"id":2419,"date":"2026-02-24T13:38:10","date_gmt":"2026-02-24T13:38:10","guid":{"rendered":"https:\/\/www.wealthsolutions.com\/?page_id=2419"},"modified":"2026-04-09T13:42:51","modified_gmt":"2026-04-09T13:42:51","slug":"sistema-interno-de-informacion","status":"publish","type":"page","link":"https:\/\/www.wealthsolutions.com\/sv\/sistema-interno-de-informacion\/","title":{"rendered":"Internt informationssystem"},"content":{"rendered":"<div data-elementor-type=\"wp-page\" data-elementor-id=\"2419\" class=\"elementor elementor-2419\" data-elementor-post-type=\"page\">\n\t\t\t\t<div class=\"elementor-element elementor-element-be2391d background-overlay-ws e-flex e-con-boxed e-con e-parent\" data-id=\"be2391d\" data-element_type=\"container\" data-e-type=\"container\" data-settings=\"{&quot;background_background&quot;:&quot;video&quot;,&quot;background_video_link&quot;:&quot;\\\/wp-content\\\/uploads\\\/2025\\\/11\\\/Aerial-View-Of-Blue-Sea-Water-Surface-Texture30.mp4&quot;,&quot;background_play_on_mobile&quot;:&quot;yes&quot;,&quot;background_privacy_mode&quot;:&quot;yes&quot;}\">\n\t\t\t\t\t<div class=\"e-con-inner\">\n\t\t<div class=\"elementor-background-video-container\">\n\t\t\t\t\t\t\t<video class=\"elementor-background-video-hosted\" role=\"presentation\" autoplay muted playsinline loop><\/video>\n\t\t\t\t\t<\/div>\t\t<div class=\"elementor-element elementor-element-4fd8f25 elementor-widget elementor-widget-heading\" data-id=\"4fd8f25\" data-element_type=\"widget\" data-e-type=\"widget\" data-widget_type=\"heading.default\">\n\t\t\t\t\t<h2 class=\"elementor-heading-title elementor-size-default\">Internt informationssystem<\/h2>\t\t\t\t<\/div>\n\t\t\t\t\t<\/div>\n\t\t\t\t<\/div>\n\t\t<div class=\"elementor-element elementor-element-1cc3ee2 e-flex e-con-boxed e-con e-parent\" data-id=\"1cc3ee2\" data-element_type=\"container\" data-e-type=\"container\">\n\t\t\t\t\t<div class=\"e-con-inner\">\n\t\t\t\t<div class=\"elementor-element elementor-element-b35dbcb elementor-widget elementor-widget-text-editor\" data-id=\"b35dbcb\" data-element_type=\"widget\" data-e-type=\"widget\" data-widget_type=\"text-editor.default\">\n\t\t\t\t\t\t\t\t\t<h4>Internt informationssystem<\/h4><h5>Vad \u00e4r det f\u00f6r n\u00e5got?<\/h5><p><span style=\"font-weight: 400;\">Det interna rapporteringssystemet \u00e4r ett s\u00e4tt f\u00f6r Synergy-koncernen att underl\u00e4tta snabb och konfidentiell rapportering av oegentligheter som kan inneb\u00e4ra bristande efterlevnad av regler. Rapporter kan l\u00e4mnas in anonymt. <\/span><span style=\"font-weight: 400;\">\u2028<\/span><\/p><p><span style=\"font-weight: 400;\">Det interna informationssystemet g\u00f6r det m\u00f6jligt att ta emot och behandla rapporter om oegentligheter, \u00f6vertr\u00e4delser, brott eller \u00f6vertr\u00e4delser av till\u00e4mplig lagstiftning samt av de interna regler och \u00e5taganden som fastst\u00e4llts av enheten.<\/span><\/p><h6>Detta system \u00e4r inte r\u00e4tt v\u00e4g att g\u00e5 f\u00f6r kundklagom\u00e5l.<\/h6><h5>Hur kommunicerar man det?<\/h5><p><span style=\"font-weight: 400;\">Via f\u00f6ljande l\u00e4nk<\/span><\/p><p><a href=\"https:\/\/sinergiapartners.factorial.es\/complaints\"><span style=\"font-weight: 400;\">https:\/\/sinergiapartners.factorial.es\/complaints<\/span><\/a><\/p><p><span style=\"font-weight: 400;\">Genom brev<\/span><\/p><p><span style=\"font-weight: 400;\">WEALH SOLUTIONS A.V. S.A.<\/span><\/p><p><span style=\"font-weight: 400;\">Ansvarig: Informat\u00f6rens kanal.<\/span><\/p><p><span style=\"font-weight: 400;\">C\/ G\u00e9nova, 6 - 2\u00aa planta, 28004 Madrid, Spanien<\/span><\/p><h5>Vem riktar den sig till?<\/h5><p>Denna kanal \u00e4r avsedd f\u00f6r alla som \u00e4r eller har varit medlemmar i <b>bok <\/b><span style=\"font-weight: 400;\">har varit anst\u00e4lld i n\u00e5got av bolagen i Sinergia-koncernen. Samtidigt kan alla personer som \u00e4r eller har varit i kontakt med de f\u00f6retag som ing\u00e5r i Sinergia-koncernen, inklusive leverant\u00f6rer, tidigare anst\u00e4llda etc., anv\u00e4nda den n\u00e4mnda kanalen.<\/span><\/p><h5>Vad kan rapporteras?<\/h5><p><span style=\"font-weight: 400;\">Oegentligt beteende, \u00f6vertr\u00e4delser av n\u00e5got slag, brott eller \u00f6vertr\u00e4delser av best\u00e4mmelser som i allm\u00e4nhet \u00e4r relaterade till den verksamhet som bedrivs av v\u00e5r koncern.<\/span><\/p><p><span style=\"font-weight: 400;\">Du kan l\u00e4sa om f\u00f6rfarandet f\u00f6r visselbl\u00e5sarkanalen p\u00e5 f\u00f6ljande l\u00e4nk<\/span><\/p><p><!-- \/wp:paragraph --><\/p>\t\t\t\t\t\t\t\t<\/div>\n\t\t\t\t\t<\/div>\n\t\t\t\t<\/div>\n\t\t<div class=\"elementor-element elementor-element-2138eb5 e-flex e-con-boxed e-con e-parent\" data-id=\"2138eb5\" data-element_type=\"container\" data-e-type=\"container\">\n\t\t\t\t\t<div class=\"e-con-inner\">\n\t\t<div class=\"elementor-element elementor-element-dbe3df9 e-con-full hover-documentacion e-flex e-con e-child\" data-id=\"dbe3df9\" data-element_type=\"container\" data-e-type=\"container\">\n\t\t\t\t<div class=\"elementor-element elementor-element-73ba4b0 elementor-widget-mobile__width-initial elementor-widget elementor-widget-heading\" data-id=\"73ba4b0\" data-element_type=\"widget\" data-e-type=\"widget\" data-widget_type=\"heading.default\">\n\t\t\t\t\t<h3 class=\"elementor-heading-title elementor-size-default\">SGP Informant Channel F\u00f6rfarande<\/h3>\t\t\t\t<\/div>\n\t\t\t\t<div class=\"elementor-element elementor-element-266f531 elementor-mobile-align-center btn-documentacion elementor-widget elementor-widget-button\" data-id=\"266f531\" data-element_type=\"widget\" data-e-type=\"widget\" data-widget_type=\"button.default\">\n\t\t\t\t\t\t\t\t\t\t<a class=\"elementor-button elementor-button-link elementor-size-sm\" href=\"\/wp-content\/uploads\/2026\/02\/SGP-Procedimiento-Canal-del-Informante.pdf\">\n\t\t\t\t\t\t<span class=\"elementor-button-content-wrapper\">\n\t\t\t\t\t\t<span class=\"elementor-button-icon\">\n\t\t\t\t<svg xmlns=\"http:\/\/www.w3.org\/2000\/svg\" width=\"7\" height=\"16\" viewbox=\"0 0 7 16\" fill=\"none\"><path d=\"M0.402344 0.322266L6.30427 7.32227L0.402344 15.3485\" stroke=\"#17375E\"><\/path><\/svg>\t\t\t<\/span>\n\t\t\t\t\t\t\t\t\t<span class=\"elementor-button-text\">Nedladdningar<\/span>\n\t\t\t\t\t<\/span>\n\t\t\t\t\t<\/a>\n\t\t\t\t\t\t\t\t<\/div>\n\t\t\t\t<\/div>\n\t\t\t\t\t<\/div>\n\t\t\t\t<\/div>\n\t\t\t\t<\/div>","protected":false},"excerpt":{"rendered":"<p>Sistema interno de informaci\u00f3n Sistema interno de informaci\u00f3n \u00bfQu\u00e9 es? El Sistema interno de informaci\u00f3n es un medio del Grupo Sinergia para facilitar la comunicaci\u00f3n \u00e1gil y confidencial de irregularidades que puedan suponer incumplimientos normativos. Las comunicaciones pueden presentarse de modo an\u00f3nimo. \u2028 El Sistema interno de informaci\u00f3n permite la recepci\u00f3n y tratamiento de las [&hellip;]<\/p>\n","protected":false},"author":1,"featured_media":0,"parent":0,"menu_order":1,"comment_status":"closed","ping_status":"closed","template":"","meta":{"_acf_changed":false,"footnotes":""},"class_list":["post-2419","page","type-page","status-publish","hentry"],"acf":[],"yoast_head":"<!-- This site is optimized with the Yoast SEO plugin v27.2 - https:\/\/yoast.com\/product\/yoast-seo-wordpress\/ -->\n<title>Sistema interno de informaci\u00f3n - Wealth Solutions<\/title>\n<meta name=\"robots\" content=\"index, follow, max-snippet:-1, max-image-preview:large, max-video-preview:-1\" \/>\n<link rel=\"canonical\" href=\"https:\/\/www.wealthsolutions.com\/sv\/sistema-interno-de-informacion\/\" \/>\n<meta property=\"og:locale\" content=\"sv_SE\" \/>\n<meta property=\"og:type\" content=\"article\" \/>\n<meta property=\"og:title\" content=\"Sistema interno de informaci\u00f3n - Wealth Solutions\" \/>\n<meta property=\"og:description\" content=\"Sistema interno de informaci\u00f3n Sistema interno de informaci\u00f3n \u00bfQu\u00e9 es? El Sistema interno de informaci\u00f3n es un medio del Grupo Sinergia para facilitar la comunicaci\u00f3n \u00e1gil y confidencial de irregularidades que puedan suponer incumplimientos normativos. Las comunicaciones pueden presentarse de modo an\u00f3nimo. \u2028 El Sistema interno de informaci\u00f3n permite la recepci\u00f3n y tratamiento de las [&hellip;]\" \/>\n<meta property=\"og:url\" content=\"https:\/\/www.wealthsolutions.com\/sv\/sistema-interno-de-informacion\/\" \/>\n<meta property=\"og:site_name\" content=\"Wealth Solutions\" \/>\n<meta property=\"article:modified_time\" content=\"2026-04-09T13:42:51+00:00\" \/>\n<meta name=\"twitter:card\" content=\"summary_large_image\" \/>\n<meta name=\"twitter:label1\" content=\"Ber\u00e4knad l\u00e4stid\" \/>\n\t<meta name=\"twitter:data1\" content=\"1 minut\" \/>\n<script type=\"application\/ld+json\" class=\"yoast-schema-graph\">{\"@context\":\"https:\/\/schema.org\",\"@graph\":[{\"@type\":\"WebPage\",\"@id\":\"https:\/\/www.wealthsolutions.com\/sistema-interno-de-informacion\/\",\"url\":\"https:\/\/www.wealthsolutions.com\/sistema-interno-de-informacion\/\",\"name\":\"Sistema interno de informaci\u00f3n - Wealth Solutions\",\"isPartOf\":{\"@id\":\"https:\/\/www.wealthsolutions.com\/#website\"},\"datePublished\":\"2026-02-24T13:38:10+00:00\",\"dateModified\":\"2026-04-09T13:42:51+00:00\",\"breadcrumb\":{\"@id\":\"https:\/\/www.wealthsolutions.com\/sistema-interno-de-informacion\/#breadcrumb\"},\"inLanguage\":\"sv-SE\",\"potentialAction\":[{\"@type\":\"ReadAction\",\"target\":[\"https:\/\/www.wealthsolutions.com\/sistema-interno-de-informacion\/\"]}]},{\"@type\":\"BreadcrumbList\",\"@id\":\"https:\/\/www.wealthsolutions.com\/sistema-interno-de-informacion\/#breadcrumb\",\"itemListElement\":[{\"@type\":\"ListItem\",\"position\":1,\"name\":\"Portada\",\"item\":\"https:\/\/www.wealthsolutions.com\/\"},{\"@type\":\"ListItem\",\"position\":2,\"name\":\"Sistema interno de informaci\u00f3n\"}]},{\"@type\":\"WebSite\",\"@id\":\"https:\/\/www.wealthsolutions.com\/#website\",\"url\":\"https:\/\/www.wealthsolutions.com\/\",\"name\":\"Wealth Solutions\",\"description\":\"En WS guiamos a nuestros clientes en la consecuci\u00f3n de sus objetivos financieros, patrimoniales y familiares\",\"publisher\":{\"@id\":\"https:\/\/www.wealthsolutions.com\/#organization\"},\"potentialAction\":[{\"@type\":\"SearchAction\",\"target\":{\"@type\":\"EntryPoint\",\"urlTemplate\":\"https:\/\/www.wealthsolutions.com\/?s={search_term_string}\"},\"query-input\":{\"@type\":\"PropertyValueSpecification\",\"valueRequired\":true,\"valueName\":\"search_term_string\"}}],\"inLanguage\":\"sv-SE\"},{\"@type\":\"Organization\",\"@id\":\"https:\/\/www.wealthsolutions.com\/#organization\",\"name\":\"Wealth Solutions\",\"url\":\"https:\/\/www.wealthsolutions.com\/\",\"logo\":{\"@type\":\"ImageObject\",\"inLanguage\":\"sv-SE\",\"@id\":\"https:\/\/www.wealthsolutions.com\/#\/schema\/logo\/image\/\",\"url\":\"https:\/\/www.wealthsolutions.com\/wp-content\/uploads\/2025\/11\/logo-wealth_light.svg\",\"contentUrl\":\"https:\/\/www.wealthsolutions.com\/wp-content\/uploads\/2025\/11\/logo-wealth_light.svg\",\"width\":214,\"height\":108,\"caption\":\"Wealth Solutions\"},\"image\":{\"@id\":\"https:\/\/www.wealthsolutions.com\/#\/schema\/logo\/image\/\"}}]}<\/script>\n<!-- \/ Yoast SEO plugin. -->","yoast_head_json":{"title":"Internt informationssystem - Wealth Solutions","robots":{"index":"index","follow":"follow","max-snippet":"max-snippet:-1","max-image-preview":"max-image-preview:large","max-video-preview":"max-video-preview:-1"},"canonical":"https:\/\/www.wealthsolutions.com\/sv\/sistema-interno-de-informacion\/","og_locale":"sv_SE","og_type":"article","og_title":"Sistema interno de informaci\u00f3n - Wealth Solutions","og_description":"Sistema interno de informaci\u00f3n Sistema interno de informaci\u00f3n \u00bfQu\u00e9 es? El Sistema interno de informaci\u00f3n es un medio del Grupo Sinergia para facilitar la comunicaci\u00f3n \u00e1gil y confidencial de irregularidades que puedan suponer incumplimientos normativos. Las comunicaciones pueden presentarse de modo an\u00f3nimo. \u2028 El Sistema interno de informaci\u00f3n permite la recepci\u00f3n y tratamiento de las [&hellip;]","og_url":"https:\/\/www.wealthsolutions.com\/sv\/sistema-interno-de-informacion\/","og_site_name":"Wealth Solutions","article_modified_time":"2026-04-09T13:42:51+00:00","twitter_card":"summary_large_image","twitter_misc":{"Ber\u00e4knad l\u00e4stid":"1 minut"},"schema":{"@context":"https:\/\/schema.org","@graph":[{"@type":"WebPage","@id":"https:\/\/www.wealthsolutions.com\/sistema-interno-de-informacion\/","url":"https:\/\/www.wealthsolutions.com\/sistema-interno-de-informacion\/","name":"Internt informationssystem - Wealth Solutions","isPartOf":{"@id":"https:\/\/www.wealthsolutions.com\/#website"},"datePublished":"2026-02-24T13:38:10+00:00","dateModified":"2026-04-09T13:42:51+00:00","breadcrumb":{"@id":"https:\/\/www.wealthsolutions.com\/sistema-interno-de-informacion\/#breadcrumb"},"inLanguage":"sv-SE","potentialAction":[{"@type":"ReadAction","target":["https:\/\/www.wealthsolutions.com\/sistema-interno-de-informacion\/"]}]},{"@type":"BreadcrumbList","@id":"https:\/\/www.wealthsolutions.com\/sistema-interno-de-informacion\/#breadcrumb","itemListElement":[{"@type":"ListItem","position":1,"name":"Portada","item":"https:\/\/www.wealthsolutions.com\/"},{"@type":"ListItem","position":2,"name":"Sistema interno de informaci\u00f3n"}]},{"@type":"WebSite","@id":"https:\/\/www.wealthsolutions.com\/#website","url":"https:\/\/www.wealthsolutions.com\/","name":"L\u00f6sningar f\u00f6r f\u00f6rm\u00f6genhet","description":"P\u00e5 WS hj\u00e4lper vi v\u00e5ra kunder att uppn\u00e5 sina finansiella, f\u00f6rm\u00f6genhets- och familjem\u00e4ssiga m\u00e5l.","publisher":{"@id":"https:\/\/www.wealthsolutions.com\/#organization"},"potentialAction":[{"@type":"SearchAction","target":{"@type":"EntryPoint","urlTemplate":"https:\/\/www.wealthsolutions.com\/?s={search_term_string}"},"query-input":{"@type":"PropertyValueSpecification","valueRequired":true,"valueName":"search_term_string"}}],"inLanguage":"sv-SE"},{"@type":"Organization","@id":"https:\/\/www.wealthsolutions.com\/#organization","name":"L\u00f6sningar f\u00f6r f\u00f6rm\u00f6genhet","url":"https:\/\/www.wealthsolutions.com\/","logo":{"@type":"ImageObject","inLanguage":"sv-SE","@id":"https:\/\/www.wealthsolutions.com\/#\/schema\/logo\/image\/","url":"https:\/\/www.wealthsolutions.com\/wp-content\/uploads\/2025\/11\/logo-wealth_light.svg","contentUrl":"https:\/\/www.wealthsolutions.com\/wp-content\/uploads\/2025\/11\/logo-wealth_light.svg","width":214,"height":108,"caption":"Wealth Solutions"},"image":{"@id":"https:\/\/www.wealthsolutions.com\/#\/schema\/logo\/image\/"}}]}},"_links":{"self":[{"href":"https:\/\/www.wealthsolutions.com\/sv\/wp-json\/wp\/v2\/pages\/2419","targetHints":{"allow":["GET"]}}],"collection":[{"href":"https:\/\/www.wealthsolutions.com\/sv\/wp-json\/wp\/v2\/pages"}],"about":[{"href":"https:\/\/www.wealthsolutions.com\/sv\/wp-json\/wp\/v2\/types\/page"}],"author":[{"embeddable":true,"href":"https:\/\/www.wealthsolutions.com\/sv\/wp-json\/wp\/v2\/users\/1"}],"replies":[{"embeddable":true,"href":"https:\/\/www.wealthsolutions.com\/sv\/wp-json\/wp\/v2\/comments?post=2419"}],"version-history":[{"count":22,"href":"https:\/\/www.wealthsolutions.com\/sv\/wp-json\/wp\/v2\/pages\/2419\/revisions"}],"predecessor-version":[{"id":2445,"href":"https:\/\/www.wealthsolutions.com\/sv\/wp-json\/wp\/v2\/pages\/2419\/revisions\/2445"}],"wp:attachment":[{"href":"https:\/\/www.wealthsolutions.com\/sv\/wp-json\/wp\/v2\/media?parent=2419"}],"curies":[{"name":"wp","href":"https:\/\/api.w.org\/{rel}","templated":true}]}}